{"id":451,"date":"2025-01-14T14:33:44","date_gmt":"2025-01-14T13:33:44","guid":{"rendered":"https:\/\/wbl-champion.eu\/?page_id=451"},"modified":"2025-07-04T09:37:35","modified_gmt":"2025-07-04T07:37:35","slug":"chi-siamo","status":"publish","type":"page","link":"https:\/\/wbl-champion.eu\/it\/chi-siamo\/","title":{"rendered":"Chi siamo"},"content":{"rendered":"\t\t<div data-elementor-type=\"wp-page\" data-elementor-id=\"451\" class=\"elementor elementor-451 elementor-18\" data-elementor-post-type=\"page\">\n\t\t\t\t<div class=\"elementor-element elementor-element-2ae7cf6 e-flex e-con-boxed e-con e-parent\" data-id=\"2ae7cf6\" data-element_type=\"container\" data-e-type=\"container\" data-settings=\"{&quot;background_background&quot;:&quot;gradient&quot;}\">\n\t\t\t\t\t<div class=\"e-con-inner\">\n\t\t<div class=\"elementor-element elementor-element-63cae09 e-con-full e-flex e-con e-child\" data-id=\"63cae09\" data-element_type=\"container\" data-e-type=\"container\">\n\t\t\t\t<div class=\"elementor-element elementor-element-28f4b0c elementor-widget elementor-widget-heading\" data-id=\"28f4b0c\" data-element_type=\"widget\" data-e-type=\"widget\" data-widget_type=\"heading.default\">\n\t\t\t\t<div class=\"elementor-widget-container\">\n\t\t\t\t\t<h1 class=\"elementor-heading-title elementor-size-default\">Chi siamo<\/h1>\t\t\t\t<\/div>\n\t\t\t\t<\/div>\n\t\t\t\t<\/div>\n\t\t\t\t\t<\/div>\n\t\t\t\t<\/div>\n\t\t<div class=\"elementor-element elementor-element-100f20b e-flex e-con-boxed e-con e-parent\" data-id=\"100f20b\" data-element_type=\"container\" data-e-type=\"container\">\n\t\t\t\t\t<div class=\"e-con-inner\">\n\t\t\t\t<div class=\"elementor-element elementor-element-b9a480f elementor-widget-divider--view-line_icon elementor-view-default elementor-widget-divider--element-align-center elementor-widget elementor-widget-divider\" data-id=\"b9a480f\" data-element_type=\"widget\" data-e-type=\"widget\" data-widget_type=\"divider.default\">\n\t\t\t\t<div class=\"elementor-widget-container\">\n\t\t\t\t\t\t\t<div class=\"elementor-divider\">\n\t\t\t<span class=\"elementor-divider-separator\">\n\t\t\t\t\t\t\t<div class=\"elementor-icon elementor-divider__element\">\n\t\t\t\t\t<svg xmlns=\"http:\/\/www.w3.org\/2000\/svg\" width=\"76\" height=\"63\" viewBox=\"0 0 76 63\" fill=\"none\"><path d=\"M36.8151 0.267483L0.78987 24.1572C-0.166936 24.7922 -0.166936 26.1917 0.78987 26.8266L13.9114 35.5293L22.0483 40.9222C22.5931 41.2842 23.306 41.2788 23.8454 40.9114L31.8684 35.4482L31.3887 35.1294L24.1706 30.3444L22.8289 29.4555L22.5172 29.2502L18.858 26.8239C17.9012 26.189 17.9012 24.7894 18.858 24.1545L36.8097 12.2502C37.349 11.8935 38.0511 11.8935 38.5905 12.2502L56.5475 24.1545C57.5043 24.7894 57.5043 26.1917 56.5475 26.8239L38.5932 38.7283C38.0538 39.0849 37.3518 39.0849 36.8124 38.7283L35.8122 38.0663C35.2728 37.707 34.5681 37.707 34.0287 38.0663L33.0881 38.6905L27.9003 42.1299C26.9434 42.7648 26.9434 44.1644 27.9003 44.7993L36.8124 50.711C37.3518 51.0676 38.0538 51.0703 38.5932 50.711L74.6211 26.8239C75.5779 26.189 75.5779 24.7894 74.6211 24.1545L38.5959 0.267483C38.0565 -0.089161 37.3545 -0.089161 36.8151 0.267483Z\" fill=\"#1A42AE\"><\/path><path d=\"M44.7295 24.0139C45.6809 24.6435 45.689 26.0322 44.7458 26.6726L31.8655 35.4482L23.6473 41.041C23.2082 41.3409 22.9453 41.8353 22.9453 42.3649V62.3802C22.9453 63.007 22.1159 63.2367 21.7906 62.699L18.1829 56.6982C18.0013 56.3956 17.6002 56.3064 17.3074 56.501L14.9114 58.0896C14.4994 58.3625 13.9464 58.068 13.9464 57.5736V35.5508L13.9058 35.5265L22.826 29.4555L36.7796 19.9531C37.3217 19.5856 38.0319 19.5802 38.5767 19.9423L44.7241 24.0139H44.7295Z\" fill=\"#33D27E\"><\/path><\/svg><\/div>\n\t\t\t\t\t\t<\/span>\n\t\t<\/div>\n\t\t\t\t\t\t<\/div>\n\t\t\t\t<\/div>\n\t\t\t\t\t<\/div>\n\t\t\t\t<\/div>\n\t\t<div class=\"elementor-element elementor-element-d255262 e-flex e-con-boxed e-con e-parent\" data-id=\"d255262\" data-element_type=\"container\" data-e-type=\"container\">\n\t\t\t\t\t<div class=\"e-con-inner\">\n\t\t\t\t<div class=\"elementor-element elementor-element-5ec0141 elementor-widget elementor-widget-heading\" data-id=\"5ec0141\" data-element_type=\"widget\" data-e-type=\"widget\" data-widget_type=\"heading.default\">\n\t\t\t\t<div class=\"elementor-widget-container\">\n\t\t\t\t\t<h3 class=\"elementor-heading-title elementor-size-default\">Introduzione<\/h3>\t\t\t\t<\/div>\n\t\t\t\t<\/div>\n\t\t\t\t\t<\/div>\n\t\t\t\t<\/div>\n\t\t<div class=\"elementor-element elementor-element-3144906 e-flex e-con-boxed e-con e-parent\" data-id=\"3144906\" data-element_type=\"container\" data-e-type=\"container\" data-settings=\"{&quot;background_background&quot;:&quot;classic&quot;}\">\n\t\t\t\t\t<div class=\"e-con-inner\">\n\t\t<div class=\"elementor-element elementor-element-332d457 e-con-full e-flex e-con e-child\" data-id=\"332d457\" data-element_type=\"container\" data-e-type=\"container\">\n\t\t\t\t<div class=\"elementor-element elementor-element-0cf0f61 elementor-widget elementor-widget-text-editor\" data-id=\"0cf0f61\" data-element_type=\"widget\" data-e-type=\"widget\" data-widget_type=\"text-editor.default\">\n\t\t\t\t<div class=\"elementor-widget-container\">\n\t\t\t\t\t\t\t\t\t<p>Il progetto WBL Champion unisce un partenariato di istituzioni universitarie e organizzazioni private per creare un quadro completo ed efficace di apprendimento basato sul lavoro (WBL). Questa collaborazione coinvolge sia attori esperti che emergenti, con esperienza nella gestione di fondi UE e nell&#8217;implementazione del WBL, trovando un equilibrio che rafforza la capacit\u00e0 organizzativa e, al contempo, sfrutta le competenze esistenti per rispondere alle diverse esigenze di tutti i soggetti coinvolti: universit\u00e0, partner industriali e studenti. Il partenariato si concentra sull&#8217;offerta di un&#8217;istruzione di alta qualit\u00e0 e sulla riduzione dei gap di competenze, preparando gli studenti al successo nel mondo del lavoro.<\/p>\t\t\t\t\t\t\t\t<\/div>\n\t\t\t\t<\/div>\n\t\t\t\t<\/div>\n\t\t<div class=\"elementor-element elementor-element-49578ce e-con-full e-flex e-con e-child\" data-id=\"49578ce\" data-element_type=\"container\" data-e-type=\"container\">\n\t\t\t\t<div class=\"elementor-element elementor-element-8bae74b elementor-widget elementor-widget-image\" data-id=\"8bae74b\" data-element_type=\"widget\" data-e-type=\"widget\" data-widget_type=\"image.default\">\n\t\t\t\t<div class=\"elementor-widget-container\">\n\t\t\t\t\t\t\t\t\t\t\t\t\t\t\t<img fetchpriority=\"high\" decoding=\"async\" width=\"814\" height=\"772\" src=\"https:\/\/wbl-champion.eu\/wp-content\/uploads\/2025\/07\/image-2-2.png\" class=\"attachment-full size-full wp-image-802\" alt=\"\" srcset=\"https:\/\/wbl-champion.eu\/wp-content\/uploads\/2025\/07\/image-2-2.png 814w, https:\/\/wbl-champion.eu\/wp-content\/uploads\/2025\/07\/image-2-2-300x285.png 300w, https:\/\/wbl-champion.eu\/wp-content\/uploads\/2025\/07\/image-2-2-768x728.png 768w\" sizes=\"(max-width: 814px) 100vw, 814px\" \/>\t\t\t\t\t\t\t\t\t\t\t\t\t\t\t<\/div>\n\t\t\t\t<\/div>\n\t\t\t\t<\/div>\n\t\t\t\t\t<\/div>\n\t\t\t\t<\/div>\n\t\t<div class=\"elementor-element elementor-element-5fc8a25 e-flex e-con-boxed e-con e-parent\" data-id=\"5fc8a25\" data-element_type=\"container\" data-e-type=\"container\">\n\t\t\t\t\t<div class=\"e-con-inner\">\n\t\t\t\t<div class=\"elementor-element elementor-element-786bdc2 elementor-widget-divider--view-line_icon elementor-view-default elementor-widget-divider--element-align-center elementor-widget elementor-widget-divider\" data-id=\"786bdc2\" data-element_type=\"widget\" data-e-type=\"widget\" data-widget_type=\"divider.default\">\n\t\t\t\t<div class=\"elementor-widget-container\">\n\t\t\t\t\t\t\t<div class=\"elementor-divider\">\n\t\t\t<span class=\"elementor-divider-separator\">\n\t\t\t\t\t\t\t<div class=\"elementor-icon elementor-divider__element\">\n\t\t\t\t\t<svg xmlns=\"http:\/\/www.w3.org\/2000\/svg\" width=\"76\" height=\"63\" viewBox=\"0 0 76 63\" fill=\"none\"><path d=\"M36.8151 0.267483L0.78987 24.1572C-0.166936 24.7922 -0.166936 26.1917 0.78987 26.8266L13.9114 35.5293L22.0483 40.9222C22.5931 41.2842 23.306 41.2788 23.8454 40.9114L31.8684 35.4482L31.3887 35.1294L24.1706 30.3444L22.8289 29.4555L22.5172 29.2502L18.858 26.8239C17.9012 26.189 17.9012 24.7894 18.858 24.1545L36.8097 12.2502C37.349 11.8935 38.0511 11.8935 38.5905 12.2502L56.5475 24.1545C57.5043 24.7894 57.5043 26.1917 56.5475 26.8239L38.5932 38.7283C38.0538 39.0849 37.3518 39.0849 36.8124 38.7283L35.8122 38.0663C35.2728 37.707 34.5681 37.707 34.0287 38.0663L33.0881 38.6905L27.9003 42.1299C26.9434 42.7648 26.9434 44.1644 27.9003 44.7993L36.8124 50.711C37.3518 51.0676 38.0538 51.0703 38.5932 50.711L74.6211 26.8239C75.5779 26.189 75.5779 24.7894 74.6211 24.1545L38.5959 0.267483C38.0565 -0.089161 37.3545 -0.089161 36.8151 0.267483Z\" fill=\"#1A42AE\"><\/path><path d=\"M44.7295 24.0139C45.6809 24.6435 45.689 26.0322 44.7458 26.6726L31.8655 35.4482L23.6473 41.041C23.2082 41.3409 22.9453 41.8353 22.9453 42.3649V62.3802C22.9453 63.007 22.1159 63.2367 21.7906 62.699L18.1829 56.6982C18.0013 56.3956 17.6002 56.3064 17.3074 56.501L14.9114 58.0896C14.4994 58.3625 13.9464 58.068 13.9464 57.5736V35.5508L13.9058 35.5265L22.826 29.4555L36.7796 19.9531C37.3217 19.5856 38.0319 19.5802 38.5767 19.9423L44.7241 24.0139H44.7295Z\" fill=\"#33D27E\"><\/path><\/svg><\/div>\n\t\t\t\t\t\t<\/span>\n\t\t<\/div>\n\t\t\t\t\t\t<\/div>\n\t\t\t\t<\/div>\n\t\t\t\t\t<\/div>\n\t\t\t\t<\/div>\n\t\t<div class=\"elementor-element elementor-element-64d3861 e-flex e-con-boxed e-con e-parent\" data-id=\"64d3861\" data-element_type=\"container\" data-e-type=\"container\">\n\t\t\t\t\t<div class=\"e-con-inner\">\n\t\t\t\t<div class=\"elementor-element elementor-element-d1f9329 elementor-widget elementor-widget-heading\" data-id=\"d1f9329\" data-element_type=\"widget\" data-e-type=\"widget\" data-widget_type=\"heading.default\">\n\t\t\t\t<div class=\"elementor-widget-container\">\n\t\t\t\t\t<h3 class=\"elementor-heading-title elementor-size-default\">Consorzio<\/h3>\t\t\t\t<\/div>\n\t\t\t\t<\/div>\n\t\t\t\t\t<\/div>\n\t\t\t\t<\/div>\n\t\t<div class=\"elementor-element elementor-element-a644d8e e-flex e-con-boxed e-con e-parent\" data-id=\"a644d8e\" data-element_type=\"container\" data-e-type=\"container\">\n\t\t\t\t\t<div class=\"e-con-inner\">\n\t\t\t\t<div class=\"elementor-element elementor-element-06faa81 elementor-widget elementor-widget-image\" data-id=\"06faa81\" data-element_type=\"widget\" data-e-type=\"widget\" data-widget_type=\"image.default\">\n\t\t\t\t<div class=\"elementor-widget-container\">\n\t\t\t\t\t\t\t\t\t\t\t\t\t\t\t<img decoding=\"async\" width=\"2048\" height=\"691\" src=\"https:\/\/wbl-champion.eu\/wp-content\/uploads\/2025\/01\/image007.png\" class=\"attachment-full size-full wp-image-333\" alt=\"\" srcset=\"https:\/\/wbl-champion.eu\/wp-content\/uploads\/2025\/01\/image007.png 2048w, https:\/\/wbl-champion.eu\/wp-content\/uploads\/2025\/01\/image007-300x101.png 300w, https:\/\/wbl-champion.eu\/wp-content\/uploads\/2025\/01\/image007-1024x346.png 1024w, https:\/\/wbl-champion.eu\/wp-content\/uploads\/2025\/01\/image007-768x259.png 768w, https:\/\/wbl-champion.eu\/wp-content\/uploads\/2025\/01\/image007-1536x518.png 1536w\" sizes=\"(max-width: 2048px) 100vw, 2048px\" \/>\t\t\t\t\t\t\t\t\t\t\t\t\t\t\t<\/div>\n\t\t\t\t<\/div>\n\t\t\t\t<div class=\"elementor-element elementor-element-fba0c7e elementor-widget elementor-widget-heading\" data-id=\"fba0c7e\" data-element_type=\"widget\" data-e-type=\"widget\" data-widget_type=\"heading.default\">\n\t\t\t\t<div class=\"elementor-widget-container\">\n\t\t\t\t\t<h3 class=\"elementor-heading-title elementor-size-default\">VITALE TECNOLOGIE COMUNICAZIONE (VITECO SRL)<\/h3>\t\t\t\t<\/div>\n\t\t\t\t<\/div>\n\t\t\t\t<div class=\"elementor-element elementor-element-d41f165 elementor-widget elementor-widget-text-editor\" data-id=\"d41f165\" data-element_type=\"widget\" data-e-type=\"widget\" data-widget_type=\"text-editor.default\">\n\t\t\t\t<div class=\"elementor-widget-container\">\n\t\t\t\t\t\t\t\t\t<p>VITECO, con sede in Sicilia, \u00e8 una PMI specializzata in soluzioni e-learning e software, con un focus particolare sull&#8217;istruzione e la formazione professionale (VET) e sulle tecnologie di apprendimento collaborativo. L&#8217;azienda sviluppa serious games utilizzando VR, AR, grafica 2D e 3D, e gestisce una propria piattaforma di e-learning. VITECO offre soluzioni integrate che semplificano l&#8217;accesso ai contenuti educativi, rendendoli fruibili a un&#8217;ampia gamma di utenti senza la necessit\u00e0 di competenze informatiche avanzate. In un contesto socio-economico difficile come quello della Sicilia, VITECO pone l&#8217;accento sull&#8217;innovazione e sull&#8217;imprenditorialit\u00e0 come strumenti per contrastare la disoccupazione. Il suo European Project Office vanta una solida esperienza nella gestione di progetti europei e regionali, rafforzando cos\u00ec la capacit\u00e0 dell&#8217;azienda di supportare efficacemente iniziative educative e di sviluppo. VITECO \u00e8 anche un membro fondamentale di JO Group, attivo in diversi progetti ICT, tra cui blockchain, intelligenza artificiale (AI) e big data.<br \/>VITECO coordina il progetto WBL Champion, garantendo una gestione efficace e guidando lo sviluppo della piattaforma di apprendimento online, del sito web del progetto e dell\u2019identit\u00e0 visiva.<\/p>\t\t\t\t\t\t\t\t<\/div>\n\t\t\t\t<\/div>\n\t\t\t\t\t<\/div>\n\t\t\t\t<\/div>\n\t\t<div class=\"elementor-element elementor-element-0c76221 e-flex e-con-boxed e-con e-parent\" data-id=\"0c76221\" data-element_type=\"container\" data-e-type=\"container\" data-settings=\"{&quot;background_background&quot;:&quot;classic&quot;}\">\n\t\t\t\t\t<div class=\"e-con-inner\">\n\t\t\t\t<div class=\"elementor-element elementor-element-5e47159 elementor-widget elementor-widget-image\" data-id=\"5e47159\" data-element_type=\"widget\" data-e-type=\"widget\" data-widget_type=\"image.default\">\n\t\t\t\t<div class=\"elementor-widget-container\">\n\t\t\t\t\t\t\t\t\t\t\t\t\t\t\t<img decoding=\"async\" width=\"1920\" height=\"1080\" src=\"https:\/\/wbl-champion.eu\/wp-content\/uploads\/2025\/01\/image009.jpg\" class=\"attachment-full size-full wp-image-336\" alt=\"\" srcset=\"https:\/\/wbl-champion.eu\/wp-content\/uploads\/2025\/01\/image009.jpg 1920w, https:\/\/wbl-champion.eu\/wp-content\/uploads\/2025\/01\/image009-300x169.jpg 300w, https:\/\/wbl-champion.eu\/wp-content\/uploads\/2025\/01\/image009-1024x576.jpg 1024w, https:\/\/wbl-champion.eu\/wp-content\/uploads\/2025\/01\/image009-768x432.jpg 768w, https:\/\/wbl-champion.eu\/wp-content\/uploads\/2025\/01\/image009-1536x864.jpg 1536w\" sizes=\"(max-width: 1920px) 100vw, 1920px\" \/>\t\t\t\t\t\t\t\t\t\t\t\t\t\t\t<\/div>\n\t\t\t\t<\/div>\n\t\t\t\t<div class=\"elementor-element elementor-element-0c2c5eb elementor-widget elementor-widget-heading\" data-id=\"0c2c5eb\" data-element_type=\"widget\" data-e-type=\"widget\" data-widget_type=\"heading.default\">\n\t\t\t\t<div class=\"elementor-widget-container\">\n\t\t\t\t\t<h3 class=\"elementor-heading-title elementor-size-default\">INOVA+ - INNOVATIONSERVICES, SA (INOVA+)<\/h3>\t\t\t\t<\/div>\n\t\t\t\t<\/div>\n\t\t\t\t<div class=\"elementor-element elementor-element-def3291 elementor-widget elementor-widget-text-editor\" data-id=\"def3291\" data-element_type=\"widget\" data-e-type=\"widget\" data-widget_type=\"text-editor.default\">\n\t\t\t\t<div class=\"elementor-widget-container\">\n\t\t\t\t\t\t\t\t\t<p>INOVA+ \u00e8 un\u2019azienda leader in Portogallo nella gestione di progetti internazionali legati all&#8217;innovazione, all&#8217;istruzione e alla formazione, alla ricerca e allo sviluppo tecnologico. Con oltre 25 anni di esperienza e uffici in diverse citt\u00e0 europee, INOVA+ ha pi\u00f9 di 85 consulenti ed \u00e8 coinvolta in oltre 100 progetti europei, tra cui Horizon Europe ed Erasmus+.<\/p><p>INOVA+ si distingue per l\u2019offerta di soluzioni specializzate in settori quali istruzione e formazione, sistemi di innovazione, scienza e tecnologia, e partecipa attivamente a importanti reti come TICE.PT e Forum Oceano. La sua vasta esperienza e la consolidata rete di collaborazioni consentono a INOVA+ di guidare e gestire con efficacia componenti chiave dei progetti, in particolare nelle iniziative finanziate dall\u2019UE.<\/p><p>Nel progetto WBL Champion, INOVA+ \u00e8 responsabile dell&#8217;analisi normativa e dell&#8217;identificazione delle politiche nazionali ed europee relative al WBL, incluse le migliori pratiche, nonch\u00e9 lo sviluppo del toolkit per la gestione della qualit\u00e0 (QA). INOVA+ svolge inoltre un ruolo cruciale nell\u2019assicurare la qualit\u00e0 durante l\u2019intero ciclo di vita del progetto, in collaborazione con il coordinatore VITECO.<\/p>\t\t\t\t\t\t\t\t<\/div>\n\t\t\t\t<\/div>\n\t\t\t\t\t<\/div>\n\t\t\t\t<\/div>\n\t\t<div class=\"elementor-element elementor-element-785a928 e-flex e-con-boxed e-con e-parent\" data-id=\"785a928\" data-element_type=\"container\" data-e-type=\"container\">\n\t\t\t\t\t<div class=\"e-con-inner\">\n\t\t\t\t<div class=\"elementor-element elementor-element-1b6d11a elementor-widget elementor-widget-image\" data-id=\"1b6d11a\" data-element_type=\"widget\" data-e-type=\"widget\" data-widget_type=\"image.default\">\n\t\t\t\t<div class=\"elementor-widget-container\">\n\t\t\t\t\t\t\t\t\t\t\t\t\t\t\t<img loading=\"lazy\" decoding=\"async\" width=\"900\" height=\"285\" src=\"https:\/\/wbl-champion.eu\/wp-content\/uploads\/2025\/07\/knights-1.png\" class=\"attachment-full size-full wp-image-782\" alt=\"\" srcset=\"https:\/\/wbl-champion.eu\/wp-content\/uploads\/2025\/07\/knights-1.png 900w, https:\/\/wbl-champion.eu\/wp-content\/uploads\/2025\/07\/knights-1-300x95.png 300w, https:\/\/wbl-champion.eu\/wp-content\/uploads\/2025\/07\/knights-1-768x243.png 768w\" sizes=\"(max-width: 900px) 100vw, 900px\" \/>\t\t\t\t\t\t\t\t\t\t\t\t\t\t\t<\/div>\n\t\t\t\t<\/div>\n\t\t\t\t<div class=\"elementor-element elementor-element-bdda079 elementor-widget elementor-widget-heading\" data-id=\"bdda079\" data-element_type=\"widget\" data-e-type=\"widget\" data-widget_type=\"heading.default\">\n\t\t\t\t<div class=\"elementor-widget-container\">\n\t\t\t\t\t<h3 class=\"elementor-heading-title elementor-size-default\">KNIGHTS College\n<\/h3>\t\t\t\t<\/div>\n\t\t\t\t<\/div>\n\t\t\t\t<div class=\"elementor-element elementor-element-0225076 elementor-widget elementor-widget-text-editor\" data-id=\"0225076\" data-element_type=\"widget\" data-e-type=\"widget\" data-widget_type=\"text-editor.default\">\n\t\t\t\t<div class=\"elementor-widget-container\">\n\t\t\t\t\t\t\t\t\tKNIGHTS College \u00e8 un istituto di istruzione privato con sede a Malta, noto per la sua formazione aziendale all\u2019avanguardia e riconosciuta a livello mondiale. Fornisce agli studenti competenze pratiche e prospettive internazionali per diventare leader globali visionari nel panorama globale. KNIGHTS College si distingue come pioniere dell\u2019apprendimento basato sul lavoro (WBL) a Malta, in particolare grazie al suo programma MBA accreditato e basato sul WBL. Con una forte vocazione internazionale, KNIGHTS College vanta un corpo studentesco diversificato e solide connessioni con l\u2019industria, supportate da accordi strategici con partner come Coventry University e ACCA. La scuola \u00e8 riconosciuta per la qualit\u00e0 nell\u2019offerta di esperienze educative su misura e flessibili, attraverso workshop specializzati, sessioni di mentoring e bootcamp progettati per rispondere alle esigenze dei professionisti in attivit\u00e0, garantendo alti livelli di soddisfazione e successo tra gli studenti.\nNel progetto WBL, KNIGHTS College guida il test pilota delle micro-credenziali e dei corsi CPD, oltre a gestire gli sforzi di comunicazione e divulgazione rivolti ai nostri destinatari.\t\t\t\t\t\t\t\t<\/div>\n\t\t\t\t<\/div>\n\t\t\t\t\t<\/div>\n\t\t\t\t<\/div>\n\t\t<div class=\"elementor-element elementor-element-4959893 e-flex e-con-boxed e-con e-parent\" data-id=\"4959893\" data-element_type=\"container\" data-e-type=\"container\" data-settings=\"{&quot;background_background&quot;:&quot;classic&quot;}\">\n\t\t\t\t\t<div class=\"e-con-inner\">\n\t\t\t\t<div class=\"elementor-element elementor-element-b47c7f5 elementor-widget elementor-widget-image\" data-id=\"b47c7f5\" data-element_type=\"widget\" data-e-type=\"widget\" data-widget_type=\"image.default\">\n\t\t\t\t<div class=\"elementor-widget-container\">\n\t\t\t\t\t\t\t\t\t\t\t\t\t\t\t<img loading=\"lazy\" decoding=\"async\" width=\"1595\" height=\"1005\" src=\"https:\/\/wbl-champion.eu\/wp-content\/uploads\/2025\/01\/image013.png\" class=\"attachment-full size-full wp-image-342\" alt=\"\" srcset=\"https:\/\/wbl-champion.eu\/wp-content\/uploads\/2025\/01\/image013.png 1595w, https:\/\/wbl-champion.eu\/wp-content\/uploads\/2025\/01\/image013-300x189.png 300w, https:\/\/wbl-champion.eu\/wp-content\/uploads\/2025\/01\/image013-1024x645.png 1024w, https:\/\/wbl-champion.eu\/wp-content\/uploads\/2025\/01\/image013-768x484.png 768w, https:\/\/wbl-champion.eu\/wp-content\/uploads\/2025\/01\/image013-1536x968.png 1536w\" sizes=\"(max-width: 1595px) 100vw, 1595px\" \/>\t\t\t\t\t\t\t\t\t\t\t\t\t\t\t<\/div>\n\t\t\t\t<\/div>\n\t\t\t\t<div class=\"elementor-element elementor-element-abb35ea elementor-widget elementor-widget-heading\" data-id=\"abb35ea\" data-element_type=\"widget\" data-e-type=\"widget\" data-widget_type=\"heading.default\">\n\t\t\t\t<div class=\"elementor-widget-container\">\n\t\t\t\t\t<h3 class=\"elementor-heading-title elementor-size-default\">TECHNOLOGICAL UNIVERSITY DUBLIN (TU DUBLIN)<\/h3>\t\t\t\t<\/div>\n\t\t\t\t<\/div>\n\t\t\t\t<div class=\"elementor-element elementor-element-7b6a40c elementor-widget elementor-widget-text-editor\" data-id=\"7b6a40c\" data-element_type=\"widget\" data-e-type=\"widget\" data-widget_type=\"text-editor.default\">\n\t\t\t\t<div class=\"elementor-widget-container\">\n\t\t\t\t\t\t\t\t\t<p>La Technological University Dublin (TU Dublin), nata dalla fusione di tre istituti, \u00e8 la prima Universit\u00e0 Tecnologica d\u2019Irlanda, con oltre 28.000 studenti e 3.500 membri del personale. Offre un&#8217;ampia gamma di programmi accademici nei settori STEM, business, media, arti e molto altro, con una particolare attenzione all\u2019apprendimento permanente e alla formazione part-time.<\/p><p>TU Dublin si distingue per la sua innovazione e attivit\u00e0 di ricerca, contribuendo in modo significativo alle comunit\u00e0 locali e internazionali grazie al suo lavoro pionieristico nei settori tecnologico e creativo. Ha supportato la nascita di oltre 400 nuove imprese, valutate complessivamente quasi 700 milioni di euro, e vanta una forte presenza globale con numerose collaborazioni internazionali.<\/p><p>L\u2019universit\u00e0 integra l\u2019Apprendimento Basato sul Lavoro (WBL) nei suoi programmi, migliorando l\u2019occupabilit\u00e0 degli studenti attraverso esperienze pratiche nel mondo reale, assicurando che i laureati siano pronti per il lavoro e in grado di soddisfare le richieste del settore. TU Dublin \u00e8 impegnata ad affrontare le sfide globali con un focus su Persone, Collaborazioni e Pianeta, promuovendo il talento e l\u2019innovazione tecnologica attraverso un approccio pratico e basato sulla ricerca.<\/p><p>Nel progetto WBL Champion, TU Dublin \u00e8 responsabile dello sviluppo dei corsi CPD e, insieme a CMBS, curer\u00e0 la fase pilota e le micro-credenziali.<\/p>\t\t\t\t\t\t\t\t<\/div>\n\t\t\t\t<\/div>\n\t\t\t\t\t<\/div>\n\t\t\t\t<\/div>\n\t\t\t\t<\/div>\n\t\t","protected":false},"excerpt":{"rendered":"<p>Chi siamo Introduzione Il progetto WBL Champion unisce un partenariato di istituzioni universitarie e organizzazioni private per creare un quadro completo ed efficace di apprendimento basato sul lavoro (WBL). Questa collaborazione coinvolge sia attori esperti che emergenti, con esperienza nella gestione di fondi UE e nell&#8217;implementazione del WBL, trovando un equilibrio che rafforza la capacit\u00e0 [&hellip;]<\/p>\n","protected":false},"author":2,"featured_media":0,"parent":0,"menu_order":0,"comment_status":"closed","ping_status":"closed","template":"","meta":{"_monsterinsights_skip_tracking":false,"_monsterinsights_sitenote_active":false,"_monsterinsights_sitenote_note":"","_monsterinsights_sitenote_category":0,"footnotes":""},"class_list":["post-451","page","type-page","status-publish","hentry"],"_links":{"self":[{"href":"https:\/\/wbl-champion.eu\/it\/wp-json\/wp\/v2\/pages\/451","targetHints":{"allow":["GET"]}}],"collection":[{"href":"https:\/\/wbl-champion.eu\/it\/wp-json\/wp\/v2\/pages"}],"about":[{"href":"https:\/\/wbl-champion.eu\/it\/wp-json\/wp\/v2\/types\/page"}],"author":[{"embeddable":true,"href":"https:\/\/wbl-champion.eu\/it\/wp-json\/wp\/v2\/users\/2"}],"replies":[{"embeddable":true,"href":"https:\/\/wbl-champion.eu\/it\/wp-json\/wp\/v2\/comments?post=451"}],"version-history":[{"count":19,"href":"https:\/\/wbl-champion.eu\/it\/wp-json\/wp\/v2\/pages\/451\/revisions"}],"predecessor-version":[{"id":821,"href":"https:\/\/wbl-champion.eu\/it\/wp-json\/wp\/v2\/pages\/451\/revisions\/821"}],"wp:attachment":[{"href":"https:\/\/wbl-champion.eu\/it\/wp-json\/wp\/v2\/media?parent=451"}],"curies":[{"name":"wp","href":"https:\/\/api.w.org\/{rel}","templated":true}]}}