{"id":516,"date":"2025-01-14T14:33:44","date_gmt":"2025-01-14T13:33:44","guid":{"rendered":"https:\/\/wbl-champion.eu\/?page_id=516"},"modified":"2025-07-04T10:30:59","modified_gmt":"2025-07-04T08:30:59","slug":"sobre-nos","status":"publish","type":"page","link":"https:\/\/wbl-champion.eu\/pt-pt\/sobre-nos\/","title":{"rendered":"Sobre n\u00f3s"},"content":{"rendered":"\t\t<div data-elementor-type=\"wp-page\" data-elementor-id=\"516\" class=\"elementor elementor-516 elementor-18\" data-elementor-post-type=\"page\">\n\t\t\t\t<div class=\"elementor-element elementor-element-2ae7cf6 e-flex e-con-boxed e-con e-parent\" data-id=\"2ae7cf6\" data-element_type=\"container\" data-e-type=\"container\" data-settings=\"{&quot;background_background&quot;:&quot;gradient&quot;}\">\n\t\t\t\t\t<div class=\"e-con-inner\">\n\t\t<div class=\"elementor-element elementor-element-63cae09 e-con-full e-flex e-con e-child\" data-id=\"63cae09\" data-element_type=\"container\" data-e-type=\"container\">\n\t\t\t\t<div class=\"elementor-element elementor-element-28f4b0c elementor-widget elementor-widget-heading\" data-id=\"28f4b0c\" data-element_type=\"widget\" data-e-type=\"widget\" data-widget_type=\"heading.default\">\n\t\t\t\t<div class=\"elementor-widget-container\">\n\t\t\t\t\t<h1 class=\"elementor-heading-title elementor-size-default\">Sobre n\u00f3s<\/h1>\t\t\t\t<\/div>\n\t\t\t\t<\/div>\n\t\t\t\t<\/div>\n\t\t\t\t\t<\/div>\n\t\t\t\t<\/div>\n\t\t<div class=\"elementor-element elementor-element-100f20b e-flex e-con-boxed e-con e-parent\" data-id=\"100f20b\" data-element_type=\"container\" data-e-type=\"container\">\n\t\t\t\t\t<div class=\"e-con-inner\">\n\t\t\t\t<div class=\"elementor-element elementor-element-b9a480f elementor-widget-divider--view-line_icon elementor-view-default elementor-widget-divider--element-align-center elementor-widget elementor-widget-divider\" data-id=\"b9a480f\" data-element_type=\"widget\" data-e-type=\"widget\" data-widget_type=\"divider.default\">\n\t\t\t\t<div class=\"elementor-widget-container\">\n\t\t\t\t\t\t\t<div class=\"elementor-divider\">\n\t\t\t<span class=\"elementor-divider-separator\">\n\t\t\t\t\t\t\t<div class=\"elementor-icon elementor-divider__element\">\n\t\t\t\t\t<svg xmlns=\"http:\/\/www.w3.org\/2000\/svg\" width=\"76\" height=\"63\" viewBox=\"0 0 76 63\" fill=\"none\"><path d=\"M36.8151 0.267483L0.78987 24.1572C-0.166936 24.7922 -0.166936 26.1917 0.78987 26.8266L13.9114 35.5293L22.0483 40.9222C22.5931 41.2842 23.306 41.2788 23.8454 40.9114L31.8684 35.4482L31.3887 35.1294L24.1706 30.3444L22.8289 29.4555L22.5172 29.2502L18.858 26.8239C17.9012 26.189 17.9012 24.7894 18.858 24.1545L36.8097 12.2502C37.349 11.8935 38.0511 11.8935 38.5905 12.2502L56.5475 24.1545C57.5043 24.7894 57.5043 26.1917 56.5475 26.8239L38.5932 38.7283C38.0538 39.0849 37.3518 39.0849 36.8124 38.7283L35.8122 38.0663C35.2728 37.707 34.5681 37.707 34.0287 38.0663L33.0881 38.6905L27.9003 42.1299C26.9434 42.7648 26.9434 44.1644 27.9003 44.7993L36.8124 50.711C37.3518 51.0676 38.0538 51.0703 38.5932 50.711L74.6211 26.8239C75.5779 26.189 75.5779 24.7894 74.6211 24.1545L38.5959 0.267483C38.0565 -0.089161 37.3545 -0.089161 36.8151 0.267483Z\" fill=\"#1A42AE\"><\/path><path d=\"M44.7295 24.0139C45.6809 24.6435 45.689 26.0322 44.7458 26.6726L31.8655 35.4482L23.6473 41.041C23.2082 41.3409 22.9453 41.8353 22.9453 42.3649V62.3802C22.9453 63.007 22.1159 63.2367 21.7906 62.699L18.1829 56.6982C18.0013 56.3956 17.6002 56.3064 17.3074 56.501L14.9114 58.0896C14.4994 58.3625 13.9464 58.068 13.9464 57.5736V35.5508L13.9058 35.5265L22.826 29.4555L36.7796 19.9531C37.3217 19.5856 38.0319 19.5802 38.5767 19.9423L44.7241 24.0139H44.7295Z\" fill=\"#33D27E\"><\/path><\/svg><\/div>\n\t\t\t\t\t\t<\/span>\n\t\t<\/div>\n\t\t\t\t\t\t<\/div>\n\t\t\t\t<\/div>\n\t\t\t\t\t<\/div>\n\t\t\t\t<\/div>\n\t\t<div class=\"elementor-element elementor-element-472b7b5 e-flex e-con-boxed e-con e-parent\" data-id=\"472b7b5\" data-element_type=\"container\" data-e-type=\"container\">\n\t\t\t\t\t<div class=\"e-con-inner\">\n\t\t\t\t<div class=\"elementor-element elementor-element-f15ccb7 elementor-widget elementor-widget-heading\" data-id=\"f15ccb7\" data-element_type=\"widget\" data-e-type=\"widget\" data-widget_type=\"heading.default\">\n\t\t\t\t<div class=\"elementor-widget-container\">\n\t\t\t\t\t<h3 class=\"elementor-heading-title elementor-size-default\">Introdu\u00e7\u00e3o<\/h3>\t\t\t\t<\/div>\n\t\t\t\t<\/div>\n\t\t\t\t\t<\/div>\n\t\t\t\t<\/div>\n\t\t<div class=\"elementor-element elementor-element-3144906 e-flex e-con-boxed e-con e-parent\" data-id=\"3144906\" data-element_type=\"container\" data-e-type=\"container\" data-settings=\"{&quot;background_background&quot;:&quot;classic&quot;}\">\n\t\t\t\t\t<div class=\"e-con-inner\">\n\t\t<div class=\"elementor-element elementor-element-332d457 e-con-full e-flex e-con e-child\" data-id=\"332d457\" data-element_type=\"container\" data-e-type=\"container\">\n\t\t\t\t<div class=\"elementor-element elementor-element-0cf0f61 elementor-widget elementor-widget-text-editor\" data-id=\"0cf0f61\" data-element_type=\"widget\" data-e-type=\"widget\" data-widget_type=\"text-editor.default\">\n\t\t\t\t<div class=\"elementor-widget-container\">\n\t\t\t\t\t\t\t\t\t<p>O projeto WBL Champion re\u00fane uma parceria diversificada de Institui\u00e7\u00f5es de Ensino Superior (IES) e organiza\u00e7\u00f5es privadas para assegurar um quadro abrangente e eficaz de Forma\u00e7\u00e3o em Contexto de Trabalho (FCT). Esta colabora\u00e7\u00e3o inclui entidades experientes e emergentes em termos de experi\u00eancia de financiamento da UE e de implementa\u00e7\u00e3o da forma\u00e7\u00e3o em contexto de trabalho, alcan\u00e7ando um equil\u00edbrio que aumenta a capacidade organizacional, ao mesmo tempo que alavanca a experi\u00eancia existente para atender \u00e0s diversas necessidades de todas as partes interessadas envolvidas &#8211; institui\u00e7\u00f5es de ensino, parceiros da ind\u00fastria e estudantes. A parceria centra-se na oferta de uma educa\u00e7\u00e3o de qualidade e na resolu\u00e7\u00e3o da inadequa\u00e7\u00e3o de compet\u00eancias, preparando os alunos para o sucesso no mundo profissional.<\/p>\t\t\t\t\t\t\t\t<\/div>\n\t\t\t\t<\/div>\n\t\t\t\t<\/div>\n\t\t<div class=\"elementor-element elementor-element-49578ce e-con-full e-flex e-con e-child\" data-id=\"49578ce\" data-element_type=\"container\" data-e-type=\"container\">\n\t\t\t\t<div class=\"elementor-element elementor-element-3736392 elementor-widget elementor-widget-image\" data-id=\"3736392\" data-element_type=\"widget\" data-e-type=\"widget\" data-widget_type=\"image.default\">\n\t\t\t\t<div class=\"elementor-widget-container\">\n\t\t\t\t\t\t\t\t\t\t\t\t\t\t\t<img fetchpriority=\"high\" decoding=\"async\" width=\"814\" height=\"772\" src=\"https:\/\/wbl-champion.eu\/wp-content\/uploads\/2025\/07\/image-2-2.png\" class=\"attachment-full size-full wp-image-802\" alt=\"\" srcset=\"https:\/\/wbl-champion.eu\/wp-content\/uploads\/2025\/07\/image-2-2.png 814w, https:\/\/wbl-champion.eu\/wp-content\/uploads\/2025\/07\/image-2-2-300x285.png 300w, https:\/\/wbl-champion.eu\/wp-content\/uploads\/2025\/07\/image-2-2-768x728.png 768w\" sizes=\"(max-width: 814px) 100vw, 814px\" \/>\t\t\t\t\t\t\t\t\t\t\t\t\t\t\t<\/div>\n\t\t\t\t<\/div>\n\t\t\t\t<\/div>\n\t\t\t\t\t<\/div>\n\t\t\t\t<\/div>\n\t\t<div class=\"elementor-element elementor-element-5fc8a25 e-flex e-con-boxed e-con e-parent\" data-id=\"5fc8a25\" data-element_type=\"container\" data-e-type=\"container\">\n\t\t\t\t\t<div class=\"e-con-inner\">\n\t\t\t\t<div class=\"elementor-element elementor-element-786bdc2 elementor-widget-divider--view-line_icon elementor-view-default elementor-widget-divider--element-align-center elementor-widget elementor-widget-divider\" data-id=\"786bdc2\" data-element_type=\"widget\" data-e-type=\"widget\" data-widget_type=\"divider.default\">\n\t\t\t\t<div class=\"elementor-widget-container\">\n\t\t\t\t\t\t\t<div class=\"elementor-divider\">\n\t\t\t<span class=\"elementor-divider-separator\">\n\t\t\t\t\t\t\t<div class=\"elementor-icon elementor-divider__element\">\n\t\t\t\t\t<svg xmlns=\"http:\/\/www.w3.org\/2000\/svg\" width=\"76\" height=\"63\" viewBox=\"0 0 76 63\" fill=\"none\"><path d=\"M36.8151 0.267483L0.78987 24.1572C-0.166936 24.7922 -0.166936 26.1917 0.78987 26.8266L13.9114 35.5293L22.0483 40.9222C22.5931 41.2842 23.306 41.2788 23.8454 40.9114L31.8684 35.4482L31.3887 35.1294L24.1706 30.3444L22.8289 29.4555L22.5172 29.2502L18.858 26.8239C17.9012 26.189 17.9012 24.7894 18.858 24.1545L36.8097 12.2502C37.349 11.8935 38.0511 11.8935 38.5905 12.2502L56.5475 24.1545C57.5043 24.7894 57.5043 26.1917 56.5475 26.8239L38.5932 38.7283C38.0538 39.0849 37.3518 39.0849 36.8124 38.7283L35.8122 38.0663C35.2728 37.707 34.5681 37.707 34.0287 38.0663L33.0881 38.6905L27.9003 42.1299C26.9434 42.7648 26.9434 44.1644 27.9003 44.7993L36.8124 50.711C37.3518 51.0676 38.0538 51.0703 38.5932 50.711L74.6211 26.8239C75.5779 26.189 75.5779 24.7894 74.6211 24.1545L38.5959 0.267483C38.0565 -0.089161 37.3545 -0.089161 36.8151 0.267483Z\" fill=\"#1A42AE\"><\/path><path d=\"M44.7295 24.0139C45.6809 24.6435 45.689 26.0322 44.7458 26.6726L31.8655 35.4482L23.6473 41.041C23.2082 41.3409 22.9453 41.8353 22.9453 42.3649V62.3802C22.9453 63.007 22.1159 63.2367 21.7906 62.699L18.1829 56.6982C18.0013 56.3956 17.6002 56.3064 17.3074 56.501L14.9114 58.0896C14.4994 58.3625 13.9464 58.068 13.9464 57.5736V35.5508L13.9058 35.5265L22.826 29.4555L36.7796 19.9531C37.3217 19.5856 38.0319 19.5802 38.5767 19.9423L44.7241 24.0139H44.7295Z\" fill=\"#33D27E\"><\/path><\/svg><\/div>\n\t\t\t\t\t\t<\/span>\n\t\t<\/div>\n\t\t\t\t\t\t<\/div>\n\t\t\t\t<\/div>\n\t\t\t\t\t<\/div>\n\t\t\t\t<\/div>\n\t\t<div class=\"elementor-element elementor-element-abf372a e-flex e-con-boxed e-con e-parent\" data-id=\"abf372a\" data-element_type=\"container\" data-e-type=\"container\">\n\t\t\t\t\t<div class=\"e-con-inner\">\n\t\t\t\t<div class=\"elementor-element elementor-element-05cf7b4 elementor-widget elementor-widget-heading\" data-id=\"05cf7b4\" data-element_type=\"widget\" data-e-type=\"widget\" data-widget_type=\"heading.default\">\n\t\t\t\t<div class=\"elementor-widget-container\">\n\t\t\t\t\t<h3 class=\"elementor-heading-title elementor-size-default\">Cons\u00f3rcio<\/h3>\t\t\t\t<\/div>\n\t\t\t\t<\/div>\n\t\t\t\t\t<\/div>\n\t\t\t\t<\/div>\n\t\t<div class=\"elementor-element elementor-element-a644d8e e-flex e-con-boxed e-con e-parent\" data-id=\"a644d8e\" data-element_type=\"container\" data-e-type=\"container\">\n\t\t\t\t\t<div class=\"e-con-inner\">\n\t\t\t\t<div class=\"elementor-element elementor-element-06faa81 elementor-widget elementor-widget-image\" data-id=\"06faa81\" data-element_type=\"widget\" data-e-type=\"widget\" data-widget_type=\"image.default\">\n\t\t\t\t<div class=\"elementor-widget-container\">\n\t\t\t\t\t\t\t\t\t\t\t\t\t\t\t<img decoding=\"async\" width=\"2048\" height=\"691\" src=\"https:\/\/wbl-champion.eu\/wp-content\/uploads\/2025\/01\/image007.png\" class=\"attachment-full size-full wp-image-333\" alt=\"\" srcset=\"https:\/\/wbl-champion.eu\/wp-content\/uploads\/2025\/01\/image007.png 2048w, https:\/\/wbl-champion.eu\/wp-content\/uploads\/2025\/01\/image007-300x101.png 300w, https:\/\/wbl-champion.eu\/wp-content\/uploads\/2025\/01\/image007-1024x346.png 1024w, https:\/\/wbl-champion.eu\/wp-content\/uploads\/2025\/01\/image007-768x259.png 768w, https:\/\/wbl-champion.eu\/wp-content\/uploads\/2025\/01\/image007-1536x518.png 1536w\" sizes=\"(max-width: 2048px) 100vw, 2048px\" \/>\t\t\t\t\t\t\t\t\t\t\t\t\t\t\t<\/div>\n\t\t\t\t<\/div>\n\t\t\t\t<div class=\"elementor-element elementor-element-fba0c7e elementor-widget elementor-widget-heading\" data-id=\"fba0c7e\" data-element_type=\"widget\" data-e-type=\"widget\" data-widget_type=\"heading.default\">\n\t\t\t\t<div class=\"elementor-widget-container\">\n\t\t\t\t\t<h3 class=\"elementor-heading-title elementor-size-default\">VITALE TECNOLOGIE COMUNICAZIONE (VITECO SRL)<\/h3>\t\t\t\t<\/div>\n\t\t\t\t<\/div>\n\t\t\t\t<div class=\"elementor-element elementor-element-d41f165 elementor-widget elementor-widget-text-editor\" data-id=\"d41f165\" data-element_type=\"widget\" data-e-type=\"widget\" data-widget_type=\"text-editor.default\">\n\t\t\t\t<div class=\"elementor-widget-container\">\n\t\t\t\t\t\t\t\t\t<p>A VITECO, sediada na Sic\u00edlia, \u00e9 uma PME especializada em e-learning e solu\u00e7\u00f5es de software, centrada no ensino e forma\u00e7\u00e3o profissional (EFP) e nas tecnologias de aprendizagem colaborativa. Desenvolve jogos s\u00e9rios utilizando RV, RA, 2D e 3D, e opera a sua pr\u00f3pria plataforma de e-learning. A VITECO fornece solu\u00e7\u00f5es integradas que simplificam o acesso a conte\u00fados educativos, atendendo a uma vasta gama de utilizadores sem necessidade de compet\u00eancias inform\u00e1ticas avan\u00e7adas. Inserida num contexto de condi\u00e7\u00f5es socioecon\u00f3micas dif\u00edceis na Sic\u00edlia, o VITECO d\u00e1 \u00eanfase \u00e0 inova\u00e7\u00e3o e ao empreendedorismo como ferramentas para combater o desemprego. O seu Gabinete de Projetos Europeu tem uma vasta experi\u00eancia na gest\u00e3o de projetos regionais e da UE, o que refor\u00e7a a sua capacidade de apoiar eficazmente iniciativas educativas e de desenvolvimento. O VITECO \u00e9 uma componente fundamental do JO Group, que est\u00e1 envolvido em diversos projetos de TIC, incluindo blockchain, IA e grandes bases de dados.<\/p><p>A VITECO coordena o projeto WBL Champion, assegurando uma boa gest\u00e3o e liderando o desenvolvimento da plataforma online, do website do projeto e da identidade visual.<\/p>\t\t\t\t\t\t\t\t<\/div>\n\t\t\t\t<\/div>\n\t\t\t\t\t<\/div>\n\t\t\t\t<\/div>\n\t\t<div class=\"elementor-element elementor-element-0c76221 e-flex e-con-boxed e-con e-parent\" data-id=\"0c76221\" data-element_type=\"container\" data-e-type=\"container\" data-settings=\"{&quot;background_background&quot;:&quot;classic&quot;}\">\n\t\t\t\t\t<div class=\"e-con-inner\">\n\t\t\t\t<div class=\"elementor-element elementor-element-5e47159 elementor-widget elementor-widget-image\" data-id=\"5e47159\" data-element_type=\"widget\" data-e-type=\"widget\" data-widget_type=\"image.default\">\n\t\t\t\t<div class=\"elementor-widget-container\">\n\t\t\t\t\t\t\t\t\t\t\t\t\t\t\t<img decoding=\"async\" width=\"1920\" height=\"1080\" src=\"https:\/\/wbl-champion.eu\/wp-content\/uploads\/2025\/01\/image009.jpg\" class=\"attachment-full size-full wp-image-336\" alt=\"\" srcset=\"https:\/\/wbl-champion.eu\/wp-content\/uploads\/2025\/01\/image009.jpg 1920w, https:\/\/wbl-champion.eu\/wp-content\/uploads\/2025\/01\/image009-300x169.jpg 300w, https:\/\/wbl-champion.eu\/wp-content\/uploads\/2025\/01\/image009-1024x576.jpg 1024w, https:\/\/wbl-champion.eu\/wp-content\/uploads\/2025\/01\/image009-768x432.jpg 768w, https:\/\/wbl-champion.eu\/wp-content\/uploads\/2025\/01\/image009-1536x864.jpg 1536w\" sizes=\"(max-width: 1920px) 100vw, 1920px\" \/>\t\t\t\t\t\t\t\t\t\t\t\t\t\t\t<\/div>\n\t\t\t\t<\/div>\n\t\t\t\t<div class=\"elementor-element elementor-element-0c2c5eb elementor-widget elementor-widget-heading\" data-id=\"0c2c5eb\" data-element_type=\"widget\" data-e-type=\"widget\" data-widget_type=\"heading.default\">\n\t\t\t\t<div class=\"elementor-widget-container\">\n\t\t\t\t\t<h3 class=\"elementor-heading-title elementor-size-default\">INOVA+ - INNOVATIONSERVICES, SA (INOVA+)<\/h3>\t\t\t\t<\/div>\n\t\t\t\t<\/div>\n\t\t\t\t<div class=\"elementor-element elementor-element-def3291 elementor-widget elementor-widget-text-editor\" data-id=\"def3291\" data-element_type=\"widget\" data-e-type=\"widget\" data-widget_type=\"text-editor.default\">\n\t\t\t\t<div class=\"elementor-widget-container\">\n\t\t\t\t\t\t\t\t\t<p>A INOVA+ \u00e9 a empresa l\u00edder em Portugal na gest\u00e3o de projetos internacionais relacionados com a Inova\u00e7\u00e3o, Educa\u00e7\u00e3o &amp; Forma\u00e7\u00e3o, bem como Investiga\u00e7\u00e3o &amp; Desenvolvimento Tecnol\u00f3gico. Com mais de 25 anos de experi\u00eancia e escrit\u00f3rios em v\u00e1rias cidades europeias, a INOVA+ emprega mais de 85 consultores e est\u00e1 profundamente envolvida em mais de 100 projetos europeus, incluindo Horizon Europe e Erasmus+.<\/p><p>A INOVA+ destaca-se por fornecer solu\u00e7\u00f5es especializadas em v\u00e1rios dom\u00ednios, como Educa\u00e7\u00e3o e Forma\u00e7\u00e3o, Sistemas de Inova\u00e7\u00e3o e Ci\u00eancia e Tecnologia, participando ativamente em redes influentes como a TICE.PT e o F\u00f3rum Oceano. A sua vasta experi\u00eancia e ampla rede de contactos permitem-lhes liderar e gerir eficazmente componentes significativas de projetos, especialmente em iniciativas financiadas pela UE.<\/p><p>No projeto WBL Champion, a INOVA+ est\u00e1 a liderar a an\u00e1lise regulamentar e a identifica\u00e7\u00e3o das pol\u00edticas nacionais e comunit\u00e1rias de WBL, incluindo as melhores pr\u00e1ticas; bem como o desenvolvimento do kit de ferramentas de QA. Al\u00e9m disso, a INOVA+ contribui para a garantia de qualidade ao longo do ciclo de vida do projeto, em colabora\u00e7\u00e3o com o coordenador VITECO.<\/p>\t\t\t\t\t\t\t\t<\/div>\n\t\t\t\t<\/div>\n\t\t\t\t\t<\/div>\n\t\t\t\t<\/div>\n\t\t<div class=\"elementor-element elementor-element-785a928 e-flex e-con-boxed e-con e-parent\" data-id=\"785a928\" data-element_type=\"container\" data-e-type=\"container\">\n\t\t\t\t\t<div class=\"e-con-inner\">\n\t\t\t\t<div class=\"elementor-element elementor-element-a634c80 elementor-widget elementor-widget-image\" data-id=\"a634c80\" data-element_type=\"widget\" data-e-type=\"widget\" data-widget_type=\"image.default\">\n\t\t\t\t<div class=\"elementor-widget-container\">\n\t\t\t\t\t\t\t\t\t\t\t\t\t\t\t<img loading=\"lazy\" decoding=\"async\" width=\"900\" height=\"285\" src=\"https:\/\/wbl-champion.eu\/wp-content\/uploads\/2025\/07\/knights-1.png\" class=\"attachment-full size-full wp-image-782\" alt=\"\" srcset=\"https:\/\/wbl-champion.eu\/wp-content\/uploads\/2025\/07\/knights-1.png 900w, https:\/\/wbl-champion.eu\/wp-content\/uploads\/2025\/07\/knights-1-300x95.png 300w, https:\/\/wbl-champion.eu\/wp-content\/uploads\/2025\/07\/knights-1-768x243.png 768w\" sizes=\"(max-width: 900px) 100vw, 900px\" \/>\t\t\t\t\t\t\t\t\t\t\t\t\t\t\t<\/div>\n\t\t\t\t<\/div>\n\t\t\t\t<div class=\"elementor-element elementor-element-bdda079 elementor-widget elementor-widget-heading\" data-id=\"bdda079\" data-element_type=\"widget\" data-e-type=\"widget\" data-widget_type=\"heading.default\">\n\t\t\t\t<div class=\"elementor-widget-container\">\n\t\t\t\t\t<h3 class=\"elementor-heading-title elementor-size-default\">KNIGHTS College\n<\/h3>\t\t\t\t<\/div>\n\t\t\t\t<\/div>\n\t\t\t\t<div class=\"elementor-element elementor-element-0225076 elementor-widget elementor-widget-text-editor\" data-id=\"0225076\" data-element_type=\"widget\" data-e-type=\"widget\" data-widget_type=\"text-editor.default\">\n\t\t\t\t<div class=\"elementor-widget-container\">\n\t\t\t\t\t\t\t\t\tA KNIGHTS College \u00e9 uma institui\u00e7\u00e3o de ensino privada em Malta, conhecida pela sua educa\u00e7\u00e3o empresarial de vanguarda e reconhecida mundialmente, que proporciona aos estudantes compet\u00eancias do mundo real e perspetivas internacionais para se tornarem l\u00edderes globais vision\u00e1rios. Distingue-se por ser pioneira na forma\u00e7\u00e3o em contexto de trabalho (FCT) em Malta, nomeadamente atrav\u00e9s do seu programa de FCT MBA acreditado. A KNIGHTS College mant\u00e9m uma forte perspetiva internacional, com um corpo discente diversificado e extensas liga\u00e7\u00f5es \u00e0 ind\u00fastria, incluindo acordos estrat\u00e9gicos com parceiros como a Coventry University e a ACCA. A escola destaca-se por proporcionar experi\u00eancias educativas personalizadas e flex\u00edveis atrav\u00e9s de workshops especializados, sess\u00f5es de mentoria e bootcamps concebidos para satisfazer as necessidades dos profissionais ativos e garantir elevadas taxas de satisfa\u00e7\u00e3o e sucesso dos alunos.\nNo projeto WBL Champion, a KNIGHTS College est\u00e1 a liderar o teste piloto das micro-credenciais e dos cursos CPD, para al\u00e9m de gerir os esfor\u00e7os de comunica\u00e7\u00e3o e divulga\u00e7\u00e3o dirigidos aos nossos p\u00fablicos-alvo.\t\t\t\t\t\t\t\t<\/div>\n\t\t\t\t<\/div>\n\t\t\t\t\t<\/div>\n\t\t\t\t<\/div>\n\t\t<div class=\"elementor-element elementor-element-4959893 e-flex e-con-boxed e-con e-parent\" data-id=\"4959893\" data-element_type=\"container\" data-e-type=\"container\" data-settings=\"{&quot;background_background&quot;:&quot;classic&quot;}\">\n\t\t\t\t\t<div class=\"e-con-inner\">\n\t\t\t\t<div class=\"elementor-element elementor-element-b47c7f5 elementor-widget elementor-widget-image\" data-id=\"b47c7f5\" data-element_type=\"widget\" data-e-type=\"widget\" data-widget_type=\"image.default\">\n\t\t\t\t<div class=\"elementor-widget-container\">\n\t\t\t\t\t\t\t\t\t\t\t\t\t\t\t<img loading=\"lazy\" decoding=\"async\" width=\"1595\" height=\"1005\" src=\"https:\/\/wbl-champion.eu\/wp-content\/uploads\/2025\/01\/image013.png\" class=\"attachment-full size-full wp-image-342\" alt=\"\" srcset=\"https:\/\/wbl-champion.eu\/wp-content\/uploads\/2025\/01\/image013.png 1595w, https:\/\/wbl-champion.eu\/wp-content\/uploads\/2025\/01\/image013-300x189.png 300w, https:\/\/wbl-champion.eu\/wp-content\/uploads\/2025\/01\/image013-1024x645.png 1024w, https:\/\/wbl-champion.eu\/wp-content\/uploads\/2025\/01\/image013-768x484.png 768w, https:\/\/wbl-champion.eu\/wp-content\/uploads\/2025\/01\/image013-1536x968.png 1536w\" sizes=\"(max-width: 1595px) 100vw, 1595px\" \/>\t\t\t\t\t\t\t\t\t\t\t\t\t\t\t<\/div>\n\t\t\t\t<\/div>\n\t\t\t\t<div class=\"elementor-element elementor-element-abb35ea elementor-widget elementor-widget-heading\" data-id=\"abb35ea\" data-element_type=\"widget\" data-e-type=\"widget\" data-widget_type=\"heading.default\">\n\t\t\t\t<div class=\"elementor-widget-container\">\n\t\t\t\t\t<h3 class=\"elementor-heading-title elementor-size-default\">TECHNOLOGICAL UNIVERSITY DUBLIN (TU DUBLIN)<\/h3>\t\t\t\t<\/div>\n\t\t\t\t<\/div>\n\t\t\t\t<div class=\"elementor-element elementor-element-7b6a40c elementor-widget elementor-widget-text-editor\" data-id=\"7b6a40c\" data-element_type=\"widget\" data-e-type=\"widget\" data-widget_type=\"text-editor.default\">\n\t\t\t\t<div class=\"elementor-widget-container\">\n\t\t\t\t\t\t\t\t\t<p>A Technological University Dublin (TU Dublin), criada a partir da fus\u00e3o de tr\u00eas institutos, \u00e9 a primeira Universidade Tecnol\u00f3gica da Irlanda, com mais de 28.000 estudantes e 3.500 funcion\u00e1rios. Oferece programas acad\u00e9micos abrangentes em CTEM, neg\u00f3cios, meios de comunica\u00e7\u00e3o social, artes e muito mais, mantendo uma \u00eanfase significativa na aprendizagem ao longo da vida e no ensino a tempo parcial. A TU Dublin destaca-se pela inova\u00e7\u00e3o e investiga\u00e7\u00e3o, contribuindo significativamente para a comunidade local e internacional atrav\u00e9s do seu trabalho pioneiro nos sectores tecnol\u00f3gico e criativo. Promoveu mais de 400 novas empresas avaliadas em quase 700 milh\u00f5es de euros e tem uma forte presen\u00e7a global com numerosas parcerias internacionais. A universidade incorpora a Forma\u00e7\u00e3o em Contexto de Trabalho (FCT) em todos os seus programas, aumentando a empregabilidade dos estudantes atrav\u00e9s da integra\u00e7\u00e3o da experi\u00eancia do mundo real no curr\u00edculo, garantindo assim que os licenciados est\u00e3o prontos para o trabalho e bem preparados para satisfazer as exig\u00eancias da ind\u00fastria. A TU Dublin est\u00e1 empenhada em enfrentar os desafios globais com um foco nas Pessoas, nas Parcerias e no Planeta, com o objetivo de cultivar talentos e promover os avan\u00e7os tecnol\u00f3gicos atrav\u00e9s da sua abordagem baseada na pr\u00e1tica e na investiga\u00e7\u00e3o.<\/p><p>No projeto WBL Champion, a TU Dublin \u00e9 respons\u00e1vel pelo desenvolvimento dos cursos DPC e ir\u00e1 pilot\u00e1-los juntamente com as micro-credenciais, em colabora\u00e7\u00e3o com a CMBS.<\/p>\t\t\t\t\t\t\t\t<\/div>\n\t\t\t\t<\/div>\n\t\t\t\t\t<\/div>\n\t\t\t\t<\/div>\n\t\t\t\t<\/div>\n\t\t","protected":false},"excerpt":{"rendered":"<p>Sobre n\u00f3s Introdu\u00e7\u00e3o O projeto WBL Champion re\u00fane uma parceria diversificada de Institui\u00e7\u00f5es de Ensino Superior (IES) e organiza\u00e7\u00f5es privadas para assegurar um quadro abrangente e eficaz de Forma\u00e7\u00e3o em Contexto de Trabalho (FCT). Esta colabora\u00e7\u00e3o inclui entidades experientes e emergentes em termos de experi\u00eancia de financiamento da UE e de implementa\u00e7\u00e3o da forma\u00e7\u00e3o em [&hellip;]<\/p>\n","protected":false},"author":2,"featured_media":0,"parent":0,"menu_order":0,"comment_status":"closed","ping_status":"closed","template":"","meta":{"_monsterinsights_skip_tracking":false,"_monsterinsights_sitenote_active":false,"_monsterinsights_sitenote_note":"","_monsterinsights_sitenote_category":0,"footnotes":""},"class_list":["post-516","page","type-page","status-publish","hentry"],"_links":{"self":[{"href":"https:\/\/wbl-champion.eu\/pt-pt\/wp-json\/wp\/v2\/pages\/516","targetHints":{"allow":["GET"]}}],"collection":[{"href":"https:\/\/wbl-champion.eu\/pt-pt\/wp-json\/wp\/v2\/pages"}],"about":[{"href":"https:\/\/wbl-champion.eu\/pt-pt\/wp-json\/wp\/v2\/types\/page"}],"author":[{"embeddable":true,"href":"https:\/\/wbl-champion.eu\/pt-pt\/wp-json\/wp\/v2\/users\/2"}],"replies":[{"embeddable":true,"href":"https:\/\/wbl-champion.eu\/pt-pt\/wp-json\/wp\/v2\/comments?post=516"}],"version-history":[{"count":19,"href":"https:\/\/wbl-champion.eu\/pt-pt\/wp-json\/wp\/v2\/pages\/516\/revisions"}],"predecessor-version":[{"id":828,"href":"https:\/\/wbl-champion.eu\/pt-pt\/wp-json\/wp\/v2\/pages\/516\/revisions\/828"}],"wp:attachment":[{"href":"https:\/\/wbl-champion.eu\/pt-pt\/wp-json\/wp\/v2\/media?parent=516"}],"curies":[{"name":"wp","href":"https:\/\/api.w.org\/{rel}","templated":true}]}}